{"id":52,"date":"2015-06-22T12:31:19","date_gmt":"2015-06-22T10:31:19","guid":{"rendered":"http:\/\/m92.corsidistudio.unina.it\/?page_id=52"},"modified":"2016-11-30T08:37:53","modified_gmt":"2016-11-30T07:37:53","slug":"tirocini","status":"publish","type":"page","link":"https:\/\/m92.corsidistudio.unina.it\/?page_id=52","title":{"rendered":"Tirocini"},"content":{"rendered":"<p>La Commissione di Coordinamento Didattico del Corso di Studi in data 27\/09\/2016 ha \u00a0deliberato all\u2019unanimit\u00e0 di adottare un sistema di verifica dell\u2019 esperienza individuale di tirocinio degli studenti del II anno. La verifica si concretizzer\u00e0 in una produzione individuale sotto forma di lezione (Power Point o seminario) agli studenti delle lauree triennali. Gli studenti impegnati nel tirocinio presso strutture esterne all\u2019ateneo dovranno inoltre produrre una breve relazione sull\u2019 attivit\u00e0 di tirocinio svolta. La CCD impegna i Proff. Corrado e Della Casa ad organizzare gli adempimenti relativi alla verifica dell\u2019attivit\u00e0 di tirocinio.<\/p>\n<p>&nbsp;<\/p>\n<p><span style=\"color: #0000ff\"><strong>Attivit\u00e0 formative di tirocinio <\/strong><\/span><\/p>\n<p style=\"text-align: justify\">Durante i due anni di CLM lo Studente \u00e8 tenuto ad acquisire specifiche competenze professionali attraverso le attivit\u00e0 di tirocinio<strong>. <\/strong>Queste ultime costituiscono una forma di didattica interattiva indirizzata ad un piccolo gruppo di Studenti. Tale attivit\u00e0 didattica \u00e8 curata da uno o pi\u00f9 tutori professionali appositamente assegnati dal CDCL, il cui compito \u00e8 di agevolare gli Studenti nell&#8217;acquisizione di conoscenze, abilit\u00e0 e modelli comportamentali, cio\u00e8 di competenze utili all&#8217;esercizio della professione sanitaria della riabilitazione secondo gli obiettivi formativi in precedenza definiti.\u00a0L\u2019attivit\u00e0 di tirocinio \u00e8 coordinata da una figura professionale in possesso di laurea magistrale. Il CDCL nomina i tutori ed il coordinatore dei tirocini fra i Docenti del CLM, all\u2019inizio di ciascun anno accademico. In alternativa, il CDCL pu\u00f2 affidare l\u2019incarico di tutore e di coordinatore ad un docente appartenente al CDCL stesso.\u00a0Il conseguimento delle competenze derivanti dall\u2019attivit\u00e0 di tirocinio viene stabilito in sede di verifica quale idoneit\u00e0 da parte di una commissione formata da uno o pi\u00f9 docenti tutori e dal docente coordinatore del tirocinio.\u00a0In ogni fase del tirocinio obbligatorio lo Studente \u00e8 tenuto ad operare sotto il controllo diretto del Tutore. Il CDCL pu\u00f2 identificare strutture assistenziali non universitarie convenzionate presso le quali pu\u00f2 essere condotto, in parte o integralmente, il\u00a0 tirocinio, dopo valutazione ed accreditamento della loro adeguatezza didattica da parte della CDCL.<\/p>\n<p style=\"text-align: justify\"><span style=\"text-decoration: underline\"><span style=\"color: #0000ff;text-decoration: underline\">Responsabile delle attivit\u00e0 di tirocinio Prof. Bruno Corrado<\/span><\/span><\/p>\n","protected":false},"excerpt":{"rendered":"<p>La Commissione di Coordinamento Didattico del Corso di Studi in data 27\/09\/2016 ha \u00a0deliberato all\u2019unanimit\u00e0 di adottare un sistema di verifica dell\u2019 esperienza individuale di &#8230; <\/p>\n","protected":false},"author":3,"featured_media":0,"parent":42,"menu_order":0,"comment_status":"open","ping_status":"open","template":"page-fullwidth.php","meta":{"footnotes":""},"class_list":["post-52","page","type-page","status-publish","hentry"],"_links":{"self":[{"href":"https:\/\/m92.corsidistudio.unina.it\/index.php?rest_route=\/wp\/v2\/pages\/52","targetHints":{"allow":["GET"]}}],"collection":[{"href":"https:\/\/m92.corsidistudio.unina.it\/index.php?rest_route=\/wp\/v2\/pages"}],"about":[{"href":"https:\/\/m92.corsidistudio.unina.it\/index.php?rest_route=\/wp\/v2\/types\/page"}],"author":[{"embeddable":true,"href":"https:\/\/m92.corsidistudio.unina.it\/index.php?rest_route=\/wp\/v2\/users\/3"}],"replies":[{"embeddable":true,"href":"https:\/\/m92.corsidistudio.unina.it\/index.php?rest_route=%2Fwp%2Fv2%2Fcomments&post=52"}],"version-history":[{"count":7,"href":"https:\/\/m92.corsidistudio.unina.it\/index.php?rest_route=\/wp\/v2\/pages\/52\/revisions"}],"predecessor-version":[{"id":362,"href":"https:\/\/m92.corsidistudio.unina.it\/index.php?rest_route=\/wp\/v2\/pages\/52\/revisions\/362"}],"up":[{"embeddable":true,"href":"https:\/\/m92.corsidistudio.unina.it\/index.php?rest_route=\/wp\/v2\/pages\/42"}],"wp:attachment":[{"href":"https:\/\/m92.corsidistudio.unina.it\/index.php?rest_route=%2Fwp%2Fv2%2Fmedia&parent=52"}],"curies":[{"name":"wp","href":"https:\/\/api.w.org\/{rel}","templated":true}]}}